{"id":36163,"date":"2018-06-06T16:01:32","date_gmt":"2018-06-06T16:01:32","guid":{"rendered":"http:\/\/villamouzinho.com\/en\/?page_id=36163"},"modified":"2020-06-03T10:37:49","modified_gmt":"2020-06-03T10:37:49","slug":"suite-da-antonia","status":"publish","type":"page","link":"https:\/\/villamouzinho.com\/en\/suite-da-antonia\/","title":{"rendered":"Suite D\u00aa Antonia"},"content":{"rendered":"<p>[et_pb_section fb_built=&#8221;1&#8243; fullwidth=&#8221;on&#8221; _builder_version=&#8221;3.22&#8243;][et_pb_fullwidth_header title=&#8221;Suite D\u00aa Ant\u00f3nia&#8221; text_orientation=&#8221;center&#8221; header_fullscreen=&#8221;on&#8221; header_scroll_down=&#8221;on&#8221; scroll_down_icon=&#8221;%%1%%&#8221; scroll_down_icon_color=&#8221;#ffffff&#8221; scroll_down_icon_size=&#8221;40px&#8221; background_overlay_color=&#8221;rgba(93,92,91,0.3)&#8221; _builder_version=&#8221;4.1&#8243; title_font=&#8221;||||||||&#8221; title_font_size=&#8221;40px&#8221; title_line_height=&#8221;1.3em&#8221; background_color=&#8221;rgba(255,255,255,0)&#8221; background_image=&#8221;https:\/\/villamouzinho.com\/en\/wp-content\/uploads\/2018\/06\/VillaMouzinha_Quarto_SDA_TOP_01.jpg&#8221; custom_button_one=&#8221;on&#8221; button_one_font=&#8221;||||||||&#8221; button_one_icon=&#8221;%%18%%&#8221; custom_button_two=&#8221;on&#8221; button_two_bg_color=&#8221;#26B5B9&#8243; button_two_border_color=&#8221;#26B5B9&#8243; button_two_font=&#8221;||||||||&#8221; button_two_icon=&#8221;%%20%%&#8221; custom_margin=&#8221;0px||0px||true&#8221; custom_padding=&#8221;0px||0px||true&#8221; hover_enabled=&#8221;0&#8243; title_font_size_tablet=&#8221;28px&#8221; title_font_size_phone=&#8221;23px&#8221; title_font_size_last_edited=&#8221;on|desktop&#8221; custom_css_header_container=&#8221;max-width: 1080px;&#8221; button_two_border_color_hover=&#8221;#26B5B9&#8243; button_two_bg_color_hover=&#8221;#26B5B9&#8243; button_one_text_size__hover_enabled=&#8221;off&#8221; button_two_text_size__hover_enabled=&#8221;off&#8221; button_one_text_color__hover_enabled=&#8221;off&#8221; button_two_text_color__hover_enabled=&#8221;off&#8221; button_one_border_width__hover_enabled=&#8221;off&#8221; button_two_border_width__hover_enabled=&#8221;off&#8221; button_one_border_color__hover_enabled=&#8221;off&#8221; button_two_border_color__hover_enabled=&#8221;on&#8221; button_two_border_color__hover=&#8221;#26B5B9&#8243; button_one_border_radius__hover_enabled=&#8221;off&#8221; button_two_border_radius__hover_enabled=&#8221;off&#8221; button_one_letter_spacing__hover_enabled=&#8221;off&#8221; button_two_letter_spacing__hover_enabled=&#8221;off&#8221; button_one_bg_color__hover_enabled=&#8221;off&#8221; button_two_bg_color__hover_enabled=&#8221;on&#8221; button_two_bg_color__hover=&#8221;#26B5B9&#8243;]<a class=\"et_pb_button et_pb_custom_button_icon et_pb_more_button et_pb_button_one\" href=\"#text\" data-icon=\"3\">Know More<\/a> <a class=\"et_pb_button et_pb_custom_button_icon et_pb_more_button et_pb_button_one\" href=\"#\" data-icon=\"3\">Unavailable<\/a>[\/et_pb_fullwidth_header][\/et_pb_section][et_pb_section fb_built=&#8221;1&#8243; disabled_on=&#8221;off|off|off&#8221; module_id=&#8221;text&#8221; _builder_version=&#8221;3.22&#8243; custom_padding=&#8221;0px|0px|0px|0px&#8221;][et_pb_row custom_padding_last_edited=&#8221;on|desktop&#8221; _builder_version=&#8221;3.25&#8243; background_size=&#8221;initial&#8221; background_position=&#8221;top_left&#8221; background_repeat=&#8221;repeat&#8221; custom_margin=&#8221;0px||0px|&#8221; custom_padding=&#8221;90px||90px||true|false&#8221; custom_padding_tablet=&#8221;80px||80px||true&#8221; custom_padding_phone=&#8221;60px||60px||true&#8221;][et_pb_column type=&#8221;4_4&#8243; _builder_version=&#8221;3.25&#8243; custom_padding=&#8221;|||&#8221; custom_padding__hover=&#8221;|||&#8221;][et_pb_text _builder_version=&#8221;3.27.4&#8243; header_font=&#8221;|||on|||||&#8221; header_text_align=&#8221;left&#8221; custom_margin=&#8221;0px||0px|&#8221; custom_padding=&#8221;0px||0px|&#8221; animation_direction=&#8221;right&#8221;]<\/p>\n<h1><span style=\"color: #26B5B9;\">Suite<\/span> D\u00aa Ant\u00f3nia<\/h1>\n<p>[\/et_pb_text][et_pb_image src=&#8221;https:\/\/villamouzinho.com\/en\/wp-content\/uploads\/2018\/06\/VillaMouzinha_Sep_TXT_01.png&#8221; _builder_version=&#8221;3.23&#8243; custom_margin=&#8221;-10px||0px||false&#8221; custom_padding=&#8221;35px||35px||true&#8221; animation_direction=&#8221;left&#8221; always_center_on_mobile=&#8221;off&#8221;][\/et_pb_image][et_pb_text _builder_version=&#8221;3.27.4&#8243; text_font=&#8221;||||||||&#8221; text_orientation=&#8221;justified&#8221; custom_margin=&#8221;0px||0px|&#8221; custom_padding=&#8221;0px||0px|&#8221;]<\/p>\n<p>Ant\u00f3nia Adelaide Ferreira was born in 1811 in Peso da R\u00e9gua, a small village in Douro region. Also known as Dona Ant\u00f3nia, she is one of the great personalities in the history of Port Wine and the Douro region.<\/p>\n<p>Hugely energetic, at one point she managed about two dozen Quintas, some of which are amongst the most famous in the region, and was, for many years, the largest exporter of Port Wine.<\/p>\n<p>Her reputation was due as much to her ability as a businesswoman and strong character, as to her generosity and the way she assumed her responsibilities of citizenship as a \u2018Duriense\u2019 (Douro region inhabitant).<\/p>\n<p>During the worst moments in the history of the region, as a result of the vineyard pests, bad harvests or falling prices, she always came to the need of her workers and employees and to the needs of the Douro farmers.<\/p>\n<p>[\/et_pb_text][\/et_pb_column][\/et_pb_row][\/et_pb_section][et_pb_section fb_built=&#8221;1&#8243; _builder_version=&#8221;3.22&#8243; custom_margin=&#8221;0px||0px||true&#8221; custom_padding=&#8221;0px||0px||true&#8221;][et_pb_row use_custom_gutter=&#8221;on&#8221; gutter_width=&#8221;1&#8243; module_class=&#8221; et_pb_row_fullwidth&#8221; _builder_version=&#8221;3.25&#8243; width=&#8221;100%&#8221; width_tablet=&#8221;100%&#8221; width_last_edited=&#8221;on|desktop&#8221; max_width=&#8221;100%&#8221; max_width_tablet=&#8221;100%&#8221; max_width_last_edited=&#8221;on|desktop&#8221; custom_margin=&#8221;0px||0px||true&#8221; custom_padding=&#8221;0px||0px||true&#8221; make_fullwidth=&#8221;on&#8221;][et_pb_column type=&#8221;4_4&#8243; _builder_version=&#8221;3.25&#8243; custom_padding=&#8221;|||&#8221; custom_padding__hover=&#8221;|||&#8221;][et_pb_gallery gallery_ids=&#8221;36169,36170,36171,36172,36173,36174,36175,36176,36177,36178,36179,36180,36181,36182&#8243; posts_number=&#8221;12&#8243; show_title_and_caption=&#8221;off&#8221; show_pagination=&#8221;off&#8221; hover_overlay_color=&#8221;rgba(255,255,255,0.5)&#8221; hover_icon=&#8221;%%47%%&#8221; _builder_version=&#8221;3.3.1&#8243; custom_css_gallery_item=&#8221;outline: 5px solid white;&#8221; border_color_all=&#8221;#ffffff&#8221;][\/et_pb_gallery][\/et_pb_column][\/et_pb_row][\/et_pb_section][et_pb_section fb_built=&#8221;1&#8243; disabled_on=&#8221;off|off|off&#8221; _builder_version=&#8221;3.3.1&#8243; background_color=&#8221;#333333&#8243; custom_padding=&#8221;0px||0px|&#8221; custom_padding_tablet=&#8221;0px||0px|&#8221; padding_mobile=&#8221;on&#8221; global_module=&#8221;34289&#8243;][et_pb_row column_structure=&#8221;1_2,1_2&#8243; use_custom_gutter=&#8221;on&#8221; gutter_width=&#8221;2&#8243; column_padding_mobile=&#8221;on&#8221; module_class=&#8221; et_pb_row_fullwidth&#8221; _builder_version=&#8221;3.25&#8243; background_size=&#8221;initial&#8221; background_position=&#8221;top_left&#8221; background_repeat=&#8221;repeat&#8221; width=&#8221;94%&#8221; width_tablet=&#8221;80%&#8221; width_phone=&#8221;&#8221; width_last_edited=&#8221;on|desktop&#8221; max_width=&#8221;94%&#8221; max_width_tablet=&#8221;80%&#8221; max_width_phone=&#8221;&#8221; max_width_last_edited=&#8221;on|desktop&#8221; custom_margin=&#8221;0px||0px|&#8221; custom_padding=&#8221;30px||10px|&#8221; make_fullwidth=&#8221;on&#8221;][et_pb_column type=&#8221;1_2&#8243; _builder_version=&#8221;3.25&#8243; custom_padding=&#8221;|||&#8221; custom_padding__hover=&#8221;|||&#8221;][et_pb_image src=&#8221;https:\/\/villamouzinho.com\/en\/wp-content\/uploads\/2018\/11\/certificado-ssl-en_white.png&#8221; _builder_version=&#8221;3.23&#8243; custom_margin=&#8221;0px||-32px|85px|false&#8221; custom_margin_tablet=&#8221;||15px|0px&#8221; custom_margin_phone=&#8221;&#8221; custom_margin_last_edited=&#8221;on|desktop&#8221; custom_padding=&#8221;0px||0px||true&#8221; always_center_on_mobile=&#8221;off&#8221;][\/et_pb_image][et_pb_social_media_follow disabled_on=&#8221;off|off|off&#8221; _builder_version=&#8221;3.16.1&#8243; text_orientation=&#8221;left&#8221; custom_margin=&#8221;0px||0px||true&#8221; custom_padding=&#8221;0px||15px||false&#8221; border_radii=&#8221;on|50px|50px|50px|50px&#8221;][et_pb_social_media_follow_network social_network=&#8221;facebook&#8221; url=&#8221;https:\/\/www.facebook.com\/vilamouzinho\/&#8221; _builder_version=&#8221;3.13.1&#8243; background_color=&#8221;#3b5998&#8243; follow_button=&#8221;off&#8221; url_new_window=&#8221;on&#8221;]facebook[\/et_pb_social_media_follow_network][et_pb_social_media_follow_network social_network=&#8221;instagram&#8221; url=&#8221;https:\/\/www.instagram.com\/villamouzinho\/&#8221; _builder_version=&#8221;3.13.1&#8243; background_color=&#8221;#ea2c59&#8243; follow_button=&#8221;off&#8221; url_new_window=&#8221;on&#8221;]instagram[\/et_pb_social_media_follow_network][\/et_pb_social_media_follow][et_pb_text admin_label=&#8221;Rodape nome do site&#8221; _builder_version=&#8221;4.1&#8243; text_font=&#8221;|300|||||||&#8221; text_text_color=&#8221;#ffffff&#8221; text_font_size=&#8221;15px&#8221; text_line_height=&#8221;1.3em&#8221; header_font=&#8221;||||||||&#8221; background_size=&#8221;initial&#8221; background_position=&#8221;top_left&#8221; background_repeat=&#8221;repeat&#8221; background_layout=&#8221;dark&#8221; custom_margin=&#8221;0px||0px||true&#8221; custom_padding=&#8221;0px||8px||false&#8221; text_font_size_tablet=&#8221;14px&#8221; text_font_size_phone=&#8221;&#8221; text_font_size_last_edited=&#8221;on|desktop&#8221;]<\/p>\n<p>T. <a style=\"color: white;\" href=\"tel:+351 968 761 813\">+351 931 448 429<\/a> E. <a style=\"color: white;\" href=\"mailto:geral@villamouzinho.com\">geral@villamouzinho.com<\/a><\/p>\n<p>[\/et_pb_text][et_pb_text admin_label=&#8221;Rodape nome do site&#8221; _builder_version=&#8221;3.27.4&#8243; text_font=&#8221;|300|||||||&#8221; text_text_color=&#8221;#ccc&#8221; text_font_size=&#8221;14px&#8221; text_line_height=&#8221;1.3em&#8221; header_font=&#8221;||||||||&#8221; background_size=&#8221;initial&#8221; background_position=&#8221;top_left&#8221; background_repeat=&#8221;repeat&#8221; background_layout=&#8221;dark&#8221; custom_margin=&#8221;0px||0px||true&#8221; custom_padding=&#8221;0px||0px||false&#8221;]<\/p>\n<p>\u00a9 Villa Mouzinho &#8211; Apartments &#038; Suites<\/p>\n<p>[\/et_pb_text][et_pb_text admin_label=&#8221;Rodape nome do site&#8221; module_class=&#8221;linkfooter&#8221; _builder_version=&#8221;3.27.4&#8243; text_font=&#8221;|300|||||||&#8221; text_text_color=&#8221;#cccccc&#8221; text_font_size=&#8221;12px&#8221; text_line_height=&#8221;1.3em&#8221; header_font=&#8221;||||||||&#8221; background_size=&#8221;initial&#8221; background_position=&#8221;top_left&#8221; background_repeat=&#8221;repeat&#8221; custom_margin=&#8221;0px||0px||true&#8221; custom_padding=&#8221;8px||8px||true&#8221;]<\/p>\n<p><a href=\"https:\/\/villamouzinho.com\/en\/protecao-de-dados\/#PP\">Privacy Policy<\/a> | <a href=\"https:\/\/villamouzinho.com\/en\/protecao-de-dados\/#RLO\">Online Dispute Resolution<\/a> | <a href=\"https:\/\/villamouzinho.com\/en\/protecao-de-dados\/#PC\">Cookies Policy<\/a><\/p>\n<p>[\/et_pb_text][et_pb_text admin_label=&#8221;Rodape nome do site&#8221; module_class=&#8221;linkfooter&#8221; _builder_version=&#8221;3.27.4&#8243; text_font=&#8221;|300|||||||&#8221; text_text_color=&#8221;#cccccc&#8221; text_font_size=&#8221;12px&#8221; text_line_height=&#8221;1.3em&#8221; header_font=&#8221;||||||||&#8221; background_size=&#8221;initial&#8221; background_position=&#8221;top_left&#8221; background_repeat=&#8221;repeat&#8221; custom_margin=&#8221;0px||0px||true&#8221; custom_padding=&#8221;0px||0px||true&#8221;]<\/p>\n<p>Copyrights:  4BNL, S.A. | webdesign by: <a href=\"https:\/\/atualdesign.pt\/\" target=\"_blank\" rel=\"noopener noreferrer\">atualdesign.pt<\/a><\/p>\n<p>[\/et_pb_text][\/et_pb_column][et_pb_column type=&#8221;1_2&#8243; _builder_version=&#8221;3.25&#8243; custom_padding=&#8221;|||&#8221; custom_padding__hover=&#8221;|||&#8221;][et_pb_contact_form captcha=&#8221;off&#8221; email=&#8221;geral@villamouzinho.com&#8221; title=&#8221;Newsletter&#8221; custom_message=&#8221;Formul\u00e1rio da Newsletter Villa Mouzinho (EN)||et_pb_line_break_holder||||et_pb_line_break_holder||Email: %%Email%%||et_pb_line_break_holder||||et_pb_line_break_holder||||et_pb_line_break_holder||||et_pb_line_break_holder||%%Pol\u00edtica_de_Privacidade%%&#8221; success_message=&#8221;Your subscription has been sent successfully!&#8221; submit_button_text=&#8221;Submit&#8221; module_id=&#8221;et_pb_contact_form_0&#8243; module_class=&#8221;notitle FormB&#8221; _builder_version=&#8221;3.23&#8243; form_field_background_color=&#8221;rgba(0,0,0,0)&#8221; form_field_text_color=&#8221;#cccccc&#8221; title_font=&#8221;|||on|||||&#8221; title_text_color=&#8221;#ffffff&#8221; title_font_size=&#8221;17px&#8221; form_field_font=&#8221;|300|||||||&#8221; form_field_font_size=&#8221;11.5px&#8221; custom_button=&#8221;on&#8221; button_text_size=&#8221;11px&#8221; button_bg_color=&#8221;#ffffff&#8221; button_border_width=&#8221;0px&#8221; button_border_color=&#8221;#ffffff&#8221; button_font=&#8221;|600||on|||||&#8221; max_width=&#8221;320px&#8221; module_alignment=&#8221;right&#8221; custom_margin=&#8221;0px||0px||true&#8221; custom_padding=&#8221;0px||0px||true&#8221; custom_css_contact_title=&#8221;padding-bottom: 15px;&#8221; custom_css_contact_button=&#8221;padding: 7px 30px!important;&#8221; custom_css_contact_fields=&#8221;padding: 13px 13px!important;&#8221; border_width_all=&#8221;1px&#8221; border_color_all=&#8221;rgba(255,255,255,0.4)&#8221; form_background_color=&#8221;rgba(0,0,0,0)&#8221; button_bg_color_hover=&#8221;#ffffff&#8221; button_border_color_hover=&#8221;#ffffff&#8221;][et_pb_contact_field field_id=&#8221;Email&#8221; field_title=&#8221;Email address&#8221; field_type=&#8221;email&#8221; fullwidth_field=&#8221;on&#8221; _builder_version=&#8221;3.16.1&#8243; button_text_size__hover_enabled=&#8221;off&#8221; button_one_text_size__hover_enabled=&#8221;off&#8221; button_two_text_size__hover_enabled=&#8221;off&#8221; button_text_color__hover_enabled=&#8221;off&#8221; button_one_text_color__hover_enabled=&#8221;off&#8221; button_two_text_color__hover_enabled=&#8221;off&#8221; button_border_width__hover_enabled=&#8221;off&#8221; button_one_border_width__hover_enabled=&#8221;off&#8221; button_two_border_width__hover_enabled=&#8221;off&#8221; button_border_color__hover_enabled=&#8221;off&#8221; button_one_border_color__hover_enabled=&#8221;off&#8221; button_two_border_color__hover_enabled=&#8221;off&#8221; button_border_radius__hover_enabled=&#8221;off&#8221; button_one_border_radius__hover_enabled=&#8221;off&#8221; button_two_border_radius__hover_enabled=&#8221;off&#8221; button_letter_spacing__hover_enabled=&#8221;off&#8221; button_one_letter_spacing__hover_enabled=&#8221;off&#8221; button_two_letter_spacing__hover_enabled=&#8221;off&#8221; button_bg_color__hover_enabled=&#8221;off&#8221; button_one_bg_color__hover_enabled=&#8221;off&#8221; button_two_bg_color__hover_enabled=&#8221;off&#8221;][\/et_pb_contact_field][et_pb_contact_field field_id=&#8221;Pol\u00edtica_de_Privacidade&#8221; field_title=&#8221;Privacy Policy&#8221; field_type=&#8221;checkbox&#8221; checkbox_options=&#8221;%91{%22value%22:%22I accept that my personal data is used to receive newsletters. %22,%22checked%22:0,%22dragID%22:-1,%22link_text%22:%22know more%22,%22link_url%22:%22https:\/\/villamouzinho.com\/en\/protecao-de-dados\/#PP%22}%93&#8243; fullwidth_field=&#8221;on&#8221; _builder_version=&#8221;3.16.1&#8243; form_field_text_color=&#8221;#cccccc&#8221; form_field_font=&#8221;||||||||&#8221; form_field_font_size=&#8221;11.6px&#8221; custom_margin=&#8221;0px||0px||true&#8221; custom_padding=&#8221;0px||0px||true&#8221; custom_padding_tablet=&#8221;||15px|&#8221; custom_padding_phone=&#8221;&#8221; custom_padding_last_edited=&#8221;on|tablet&#8221; custom_css_main_element=&#8221;font-size: 11.6px!important;&#8221; button_text_size__hover_enabled=&#8221;off&#8221; button_one_text_size__hover_enabled=&#8221;off&#8221; button_two_text_size__hover_enabled=&#8221;off&#8221; button_text_color__hover_enabled=&#8221;off&#8221; button_one_text_color__hover_enabled=&#8221;off&#8221; button_two_text_color__hover_enabled=&#8221;off&#8221; button_border_width__hover_enabled=&#8221;off&#8221; button_one_border_width__hover_enabled=&#8221;off&#8221; button_two_border_width__hover_enabled=&#8221;off&#8221; button_border_color__hover_enabled=&#8221;off&#8221; button_one_border_color__hover_enabled=&#8221;off&#8221; button_two_border_color__hover_enabled=&#8221;off&#8221; button_border_radius__hover_enabled=&#8221;off&#8221; button_one_border_radius__hover_enabled=&#8221;off&#8221; button_two_border_radius__hover_enabled=&#8221;off&#8221; button_letter_spacing__hover_enabled=&#8221;off&#8221; button_one_letter_spacing__hover_enabled=&#8221;off&#8221; button_two_letter_spacing__hover_enabled=&#8221;off&#8221; button_bg_color__hover_enabled=&#8221;off&#8221; button_one_bg_color__hover_enabled=&#8221;off&#8221; button_two_bg_color__hover_enabled=&#8221;off&#8221;][\/et_pb_contact_field][\/et_pb_contact_form][\/et_pb_column][\/et_pb_row][\/et_pb_section]<\/p>\n","protected":false},"excerpt":{"rendered":"<p>Know More UnavailableSuite D\u00aa Ant\u00f3niaAnt\u00f3nia Adelaide Ferreira was born in 1811 in Peso da R\u00e9gua, a small village in Douro region. Also known as Dona Ant\u00f3nia, she is one of the great personalities in the history of Port Wine and the Douro region. Hugely energetic, at one point she managed about two dozen Quintas, some [&hellip;]<\/p>\n","protected":false},"author":3,"featured_media":0,"parent":0,"menu_order":0,"comment_status":"closed","ping_status":"closed","template":"","meta":{"_et_pb_use_builder":"on","_et_pb_old_content":"","_et_gb_content_width":"","footnotes":""},"class_list":["post-36163","page","type-page","status-publish","hentry"],"_links":{"self":[{"href":"https:\/\/villamouzinho.com\/en\/wp-json\/wp\/v2\/pages\/36163","targetHints":{"allow":["GET"]}}],"collection":[{"href":"https:\/\/villamouzinho.com\/en\/wp-json\/wp\/v2\/pages"}],"about":[{"href":"https:\/\/villamouzinho.com\/en\/wp-json\/wp\/v2\/types\/page"}],"author":[{"embeddable":true,"href":"https:\/\/villamouzinho.com\/en\/wp-json\/wp\/v2\/users\/3"}],"replies":[{"embeddable":true,"href":"https:\/\/villamouzinho.com\/en\/wp-json\/wp\/v2\/comments?post=36163"}],"version-history":[{"count":18,"href":"https:\/\/villamouzinho.com\/en\/wp-json\/wp\/v2\/pages\/36163\/revisions"}],"predecessor-version":[{"id":38329,"href":"https:\/\/villamouzinho.com\/en\/wp-json\/wp\/v2\/pages\/36163\/revisions\/38329"}],"wp:attachment":[{"href":"https:\/\/villamouzinho.com\/en\/wp-json\/wp\/v2\/media?parent=36163"}],"curies":[{"name":"wp","href":"https:\/\/api.w.org\/{rel}","templated":true}]}}